{"id":233630,"date":"2025-08-28T20:45:14","date_gmt":"2025-08-28T20:45:14","guid":{"rendered":"https:\/\/ginkgohatas.hu\/?page_id=233630"},"modified":"2025-08-28T20:46:26","modified_gmt":"2025-08-28T20:46:26","slug":"altalanos-szerzodesi-feltetelek","status":"publish","type":"page","link":"https:\/\/ginkgohatas.hu\/en\/altalanos-szerzodesi-feltetelek\/","title":{"rendered":"Terms and Conditions"},"content":{"rendered":"<p>[et_pb_section fb_built=&#8221;1&#8243; admin_label=&#8221;Header&#8221; _builder_version=&#8221;4.27.4&#8243; _module_preset=&#8221;default&#8221; use_background_color_gradient=&#8221;on&#8221; background_color_gradient_stops=&#8221;#b3b3b3 0%|#ffffff 100%&#8221; collapsed=&#8221;on&#8221; global_colors_info=&#8221;{}&#8221; theme_builder_area=&#8221;post_content&#8221;][et_pb_row _builder_version=&#8221;4.20.0&#8243; _module_preset=&#8221;default&#8221; global_colors_info=&#8221;{}&#8221; theme_builder_area=&#8221;post_content&#8221;][et_pb_column type=&#8221;4_4&#8243; _builder_version=&#8221;4.20.0&#8243; _module_preset=&#8221;default&#8221; global_colors_info=&#8221;{}&#8221; theme_builder_area=&#8221;post_content&#8221;][et_pb_text _builder_version=&#8221;4.20.0&#8243; _module_preset=&#8221;7022b2d6-42d5-4394-baf1-89dd31d616ed&#8221; text_orientation=&#8221;center&#8221; global_colors_info=&#8221;{}&#8221; theme_builder_area=&#8221;post_content&#8221;]<\/p>\n<h1 style=\"text-align: left;\"><span style=\"font-size: xx-large;\">\u00c1ltal\u00e1nos szerz\u0151d\u00e9si felt\u00e9telek<\/span><\/h1>\n<p>[\/et_pb_text][\/et_pb_column][\/et_pb_row][et_pb_row custom_padding_last_edited=&#8221;on|tablet&#8221; _builder_version=&#8221;4.27.4&#8243; _module_preset=&#8221;default&#8221; background_enable_color=&#8221;off&#8221; use_background_color_gradient=&#8221;on&#8221; background_color_gradient_stops=&#8221;#c9c9c9 1%|#6b6b6b 10%&#8221; custom_padding=&#8221;80px|80px|80px|80px|true|true&#8221; custom_padding_tablet=&#8221;40px|40px|40px|40px|true|true&#8221; custom_padding_phone=&#8221;20px|20px|20px|20px|true|true&#8221; hover_enabled=&#8221;0&#8243; border_radii=&#8221;on|10px|10px|10px|10px&#8221; global_colors_info=&#8221;{}&#8221; theme_builder_area=&#8221;post_content&#8221; sticky_enabled=&#8221;0&#8243;][et_pb_column type=&#8221;4_4&#8243; _builder_version=&#8221;4.20.0&#8243; _module_preset=&#8221;default&#8221; global_colors_info=&#8221;{}&#8221; theme_builder_area=&#8221;post_content&#8221;][et_pb_text _builder_version=&#8221;4.27.4&#8243; _module_preset=&#8221;ea0cd041-4497-4e50-adea-b70871dc1045&#8243; text_text_color=&#8221;#FFFFFF&#8221; hover_enabled=&#8221;0&#8243; inline_fonts=&#8221;Cm&#8221; global_colors_info=&#8221;{}&#8221; theme_builder_area=&#8221;post_content&#8221; sticky_enabled=&#8221;0&#8243;]<\/p>\n<h2 style=\"text-align: center;\"><span style=\"color: #ffffff;\">\u00c1LTAL\u00c1NOS SZERZ\u0150D\u00c9SI FELT\u00c9TELEK<\/span><\/h2>\n<p>&nbsp;<\/p>\n<h3><span style=\"color: #ffffff;\">1. Bevezet\u00e9s<\/span><\/h3>\n<p><span style=\"color: #ffffff;\">Jelen \u00c1ltal\u00e1nos Szerz\u0151d\u00e9si Felt\u00e9telek (tov\u00e1bbiakban: \u201e\u00c1SZF\u201d) a ginkgohatas.hu weboldal (tov\u00e1bbiakban: \u201eWeboldal\u201d) haszn\u00e1lat\u00e1nak felt\u00e9teleit tartalmazza, valamint szab\u00e1lyozza Horv\u00e1th Barnab\u00e1s E.V. (tov\u00e1bbiakban: \u201eSzolg\u00e1ltat\u00f3\u201d) \u00e9s a Weboldal l\u00e1togat\u00f3i k\u00f6z\u00f6tti jogviszonyt.<\/span><\/p>\n<p><span style=\"color: #ffffff;\">A Weboldal c\u00e9lja a Szolg\u00e1ltat\u00f3 \u00e1ltal k\u00edn\u00e1lt bonsai f\u00e1k, egyedi bonsai t\u00e1lak \u00e9s kieg\u00e9sz\u00edt\u0151k bemutat\u00e1sa, valamint kapcsolatfelv\u00e9teli lehet\u0151s\u00e9g biztos\u00edt\u00e1sa. <span style=\"text-decoration: underline;\">A Weboldalon kereszt\u00fcl k\u00f6zvetlen v\u00e1s\u00e1rl\u00e1s nem lehets\u00e9ges, minden tranzakci\u00f3 egyedi egyeztet\u00e9s alapj\u00e1n t\u00f6rt\u00e9nik.<\/span><\/span><\/p>\n<p><span style=\"color: #ffffff;\"><span style=\"text-decoration: underline;\"><\/span><\/span><\/p>\n<p><span style=\"color: #ffffff;\"><span style=\"text-decoration: underline;\"><\/span><\/span><\/p>\n<h3><span style=\"color: #ffffff;\">2. Szolg\u00e1ltat\u00f3 adatai<\/span><\/h3>\n<ul>\n<li><span style=\"color: #ffffff;\">C\u00e9gn\u00e9v: Horv\u00e1th Barnab\u00e1s E.V.<\/span><\/li>\n<li><span style=\"color: #ffffff;\">Sz\u00e9khely: 7630 P\u00e9cs Rezg\u0151 utca 14.<\/span><\/li>\n<li><span style=\"color: #ffffff;\"><span style=\"color: #ffffff;\">Ad\u00f3sz\u00e1m: <\/span><\/span><span style=\"font-size: 16px;\">5966837-1-22<\/span><\/li>\n<li><span style=\"color: #ffffff;\"><span style=\"color: #ffffff;\">Kapcsolattart\u00e1s: <\/span><\/span><span style=\"font-size: 16px;\">info@ginkgohatas.hu<\/span>\n<div><\/div>\n<\/li>\n<li><span style=\"color: #ffffff;\">T\u00e1rhelyszolg\u00e1ltat\u00f3: T\u00e1rhely.Eu Kft.<\/span><\/li>\n<\/ul>\n<p><span style=\"color: #ffffff;\"><\/span><\/p>\n<p><span style=\"color: #ffffff;\"><\/span><\/p>\n<h3><span style=\"color: #ffffff;\">3. A szerz\u0151d\u00e9s jellege<\/span><\/h3>\n<p><span style=\"color: #ffffff;\">A Weboldalon t\u00f6rt\u00e9n\u0151 kapcsolatfelv\u00e9tel nem min\u0151s\u00fcl joghat\u00e1lyos aj\u00e1nlatt\u00e9telnek. A szerz\u0151d\u00e9s kiz\u00e1r\u00f3lag a Szolg\u00e1ltat\u00f3 visszaigazol\u00e1sa ut\u00e1n, szem\u00e9lyes vagy elektronikus kommunik\u00e1ci\u00f3 \u00fatj\u00e1n j\u00f6n l\u00e9tre.<\/span><\/p>\n<ul>\n<li><span style=\"color: #ffffff;\">A szerz\u0151d\u00e9s nyelve: magyar<\/span><\/li>\n<li><span style=\"color: #ffffff;\">A szerz\u0151d\u00e9s nem ker\u00fcl iktat\u00e1sra, ut\u00f3lag nem hozz\u00e1f\u00e9rhet\u0151. (<span>\u201eA megrendel\u00e9s sor\u00e1n l\u00e9trej\u00f6v\u0151 szerz\u0151d\u00e9s nem ker\u00fcl k\u00fcl\u00f6n nyilv\u00e1ntart\u00e1sba, \u00e9s ut\u00f3lag nem hozz\u00e1f\u00e9rhet\u0151. K\u00e9rj\u00fck, \u0151rizze meg a visszaigazol\u00f3 emailt vagy egy\u00e9b kommunik\u00e1ci\u00f3t.<\/span>)<\/span><\/li>\n<li><span style=\"color: #ffffff;\">A szerz\u0151d\u00e9s nem min\u0151s\u00fcl \u00edr\u00e1sbeli szerz\u0151d\u00e9snek, kiz\u00e1r\u00f3lag elektronikus form\u00e1ban j\u00f6n l\u00e9tre.<\/span><\/li>\n<\/ul>\n<p><span style=\"color: #ffffff;\"><\/span><\/p>\n<p><span style=\"color: #ffffff;\"><\/span><\/p>\n<h3><span style=\"color: #ffffff;\">4. V\u00e1s\u00e1rl\u00e1s menete<\/span><\/h3>\n<ul>\n<li><span style=\"color: #ffffff;\">A l\u00e1togat\u00f3 e-mailben vagy telefonon l\u00e9p kapcsolatba a Szolg\u00e1ltat\u00f3val.<\/span><\/li>\n<li><span style=\"color: #ffffff;\">A v\u00e1s\u00e1rl\u00e1si felt\u00e9telek (\u00e1r, sz\u00e1ll\u00edt\u00e1s, fizet\u00e9s) egyedi egyeztet\u00e9s alapj\u00e1n ker\u00fclnek meghat\u00e1roz\u00e1sra.<\/span><\/li>\n<li><span style=\"color: #ffffff;\">A megrendel\u00e9s visszaigazol\u00e1sa ut\u00e1n j\u00f6n l\u00e9tre a szerz\u0151d\u00e9s.<\/span><\/li>\n<li><span style=\"color: #ffffff;\">A megrendel\u00e9sr\u0151l minden esetben visszaigazol\u00f3 e-mailt k\u00fcld\u00fcnk, amely tartalmazza a term\u00e9k pontos v\u00e9tel\u00e1r\u00e1t \u00e9s az aktu\u00e1lis \u00e1llapot\u00e1t, bemutat\u00f3 k\u00e9peket.<\/span><\/li>\n<\/ul>\n<p><span style=\"color: #ffffff;\"><\/span><\/p>\n<p><span style=\"color: #ffffff;\"><\/span><\/p>\n<h3><span style=\"color: #ffffff;\">5. Fizet\u00e9si felt\u00e9telek<\/span><\/h3>\n<ul>\n<li><span style=\"color: #ffffff;\">Fizet\u00e9s k\u00e9szp\u00e9nzben szem\u00e9lyes \u00e1tv\u00e9telkor vagy banki \u00e1tutal\u00e1ssal t\u00f6rt\u00e9nhet.<\/span><\/li>\n<li><span style=\"color: #ffffff;\">Banki \u00e1tutal\u00e1s eset\u00e9n a megrendel\u00e9st k\u00f6vet\u0151en sz\u00e1ml\u00e1t \u00e1ll\u00edtunk ki, \u00e9s a fizet\u00e9s be\u00e9rkez\u00e9se ut\u00e1n int\u00e9zked\u00fcnk a term\u00e9k \u00e1tad\u00e1s\u00e1r\u00f3l vagy kisz\u00e1ll\u00edt\u00e1s\u00e1r\u00f3l.<\/span><\/li>\n<li><span style=\"color: #ffffff;\">Az \u00e1rak brutt\u00f3 \u00e1rak, tartalmazz\u00e1k az \u00c1F\u00c1-t.<\/span><\/li>\n<li><span style=\"color: #ffffff;\">A Szolg\u00e1ltat\u00f3 fenntartja az \u00e1rv\u00e1ltoztat\u00e1s jog\u00e1t, valamint el\u0151leget k\u00e9rhet a megrendel\u00e9s visszaigazol\u00e1s\u00e1hoz.<\/span><\/li>\n<\/ul>\n<p><span style=\"color: #ffffff;\"><\/span><\/p>\n<p><span style=\"color: #ffffff;\"><\/span><\/p>\n<h3><span style=\"color: #ffffff;\">6. K\u00e9pek \u00e9s inform\u00e1ci\u00f3k<\/span><\/h3>\n<ul>\n<li><span style=\"color: #ffffff;\">A Weboldalon tal\u00e1lhat\u00f3 k\u00e9pek illusztr\u00e1ci\u00f3k. A term\u00e9kek t\u00e9nyleges megjelen\u00e9se elt\u00e9rhet a k\u00e9pekt\u0151l, k\u00fcl\u00f6n\u00f6sen \u00e9l\u0151 n\u00f6v\u00e9nyek eset\u00e9n.<\/span><\/li>\n<li><span style=\"color: #ffffff;\">A sz\u00edn\u00e1rnyalatok monitoronk\u00e9nt elt\u00e9rhetnek, ez\u00e9rt a vizu\u00e1lis megjelen\u00edt\u00e9s pontoss\u00e1g\u00e1\u00e9rt felel\u0151ss\u00e9get nem v\u00e1llalunk.<\/span><\/li>\n<li><span style=\"color: #ffffff;\">Minden esetben t\u00f6reksz\u00fcnk a pontos \u00e9s hiteles inform\u00e1ci\u00f3k k\u00f6zl\u00e9s\u00e9re, de az adatok teljess\u00e9g\u00e9t \u00e9s pontoss\u00e1g\u00e1t nem tudjuk garant\u00e1lni.<\/span><\/li>\n<\/ul>\n<p><span style=\"color: #ffffff;\"><\/span><\/p>\n<p><span style=\"color: #ffffff;\"><\/span><\/p>\n<h3><span style=\"color: #ffffff;\">7. El\u00e1ll\u00e1si jog<\/span><\/h3>\n<p><span style=\"color: #ffffff;\">Mivel a v\u00e1s\u00e1rl\u00e1s nem webshopon kereszt\u00fcl t\u00f6rt\u00e9nik, a fogyaszt\u00f3v\u00e9delmi szab\u00e1lyok teljes k\u00f6r\u0171 alkalmaz\u00e1sa nem k\u00f6telez\u0151. Ennek ellen\u00e9re a Szolg\u00e1ltat\u00f3 t\u00f6rekszik a korrekt \u00e9s rugalmas \u00fcgyint\u00e9z\u00e9sre.<\/span><\/p>\n<p><span style=\"color: #ffffff;\">A fogyaszt\u00f3 a megrendel\u00e9s visszaigazol\u00e1s\u00e1t k\u00f6vet\u0151en, de m\u00e9g a teljes\u00edt\u00e9s el\u0151tt, indokl\u00e1s n\u00e9lk\u00fcl el\u00e1llhat a v\u00e1s\u00e1rl\u00e1si sz\u00e1nd\u00e9k\u00e1t\u00f3l. El\u00e1ll\u00e1si sz\u00e1nd\u00e9k\u00e1t \u00edr\u00e1sban kell jeleznie a Szolg\u00e1ltat\u00f3 fel\u00e9.<\/span><\/p>\n<p>&nbsp;<\/p>\n<h3><span style=\"color: #ffffff;\">8. Panaszkezel\u00e9s<\/span><\/h3>\n<p><span style=\"color: #ffffff;\">A v\u00e1s\u00e1rl\u00f3 panasz\u00e1t az al\u00e1bbi el\u00e9rhet\u0151s\u00e9geken jelezheti:<\/span><\/p>\n<ul>\n<li><span style=\"color: #ffffff;\">Email: <span style=\"font-size: 16px;\">info@ginkgohatas.hu<\/span><\/span><\/li>\n<li><span style=\"color: #ffffff;\">Postai c\u00edm: 7630 P\u00e9cs Rezg\u0151 utca 14.<\/span><\/li>\n<\/ul>\n<p><span style=\"color: #ffffff;\">A panaszokat a Szolg\u00e1ltat\u00f3 14 napon bel\u00fcl kivizsg\u00e1lja \u00e9s v\u00e1laszol.<\/span><\/p>\n<h3><span style=\"color: #ffffff;\">9. Felel\u0151ss\u00e9gkorl\u00e1toz\u00e1s<\/span><\/h3>\n<p><span style=\"color: #ffffff;\">A Szolg\u00e1ltat\u00f3 nem v\u00e1llal felel\u0151ss\u00e9get a Weboldalon megjelen\u0151 inform\u00e1ci\u00f3k pontatlans\u00e1g\u00e1\u00e9rt, technikai hib\u00e1k\u00e9rt, vagy a term\u00e9kek megjelen\u00edt\u00e9s\u00e9b\u0151l ered\u0151 f\u00e9lre\u00e9rt\u00e9sek\u00e9rt. A Weboldal haszn\u00e1lata sor\u00e1n bek\u00f6vetkez\u0151 esetleges adatveszt\u00e9s\u00e9rt vagy rendszerhib\u00e1k\u00e9rt semmilyen felel\u0151ss\u00e9get nem v\u00e1llalunk.<\/span><\/p>\n<h3><span style=\"color: #ffffff;\">10. Adatkezel\u00e9s<\/span><\/h3>\n<p><span style=\"color: #ffffff;\">A Weboldal haszn\u00e1lata sor\u00e1n megadott szem\u00e9lyes adatokat a Szolg\u00e1ltat\u00f3 az Adatkezel\u00e9si T\u00e1j\u00e9koztat\u00f3ban foglaltak szerint kezeli. Az Adatkezel\u00e9si T\u00e1j\u00e9koztat\u00f3 el\u00e9rhet\u0151 itt: [link]<\/span><\/p>\n<p><span style=\"color: #ffffff;\"><\/span><\/p>\n<p><span style=\"color: #ffffff;\"><\/span><\/p>\n<p><span style=\"color: #ffffff; font-family: Cm; font-weight: normal; font-size: x-large;\">11. J\u00f3t\u00e1ll\u00e1s \u00e9s szavatoss\u00e1g<\/span><\/p>\n<p><span>A Szolg\u00e1ltat\u00f3 \u00e1ltal \u00e9rt\u00e9kes\u00edtett term\u00e9kekre \u2013 ide\u00e9rtve az \u00e9l\u0151 n\u00f6v\u00e9nyeket (bonsai f\u00e1k) \u00e9s a k\u00e9zm\u0171ves t\u00e1lakat \u2013 a vonatkoz\u00f3 jogszab\u00e1lyok szerint <strong>szavatoss\u00e1gi felel\u0151ss\u00e9g<\/strong> \u00e1ll fenn. A j\u00f3t\u00e1ll\u00e1s \u00e9s szavatoss\u00e1g r\u00e9szletei az al\u00e1bbiak szerint alakulnak:<\/span><\/p>\n<h3><\/h3>\n<h3>\u00a0<span style=\"color: #ffffff;\">\u00c9l\u0151 n\u00f6v\u00e9nyek (bonsai f\u00e1k)<\/span><\/h3>\n<p><span>Az \u00e9l\u0151 n\u00f6v\u00e9nyek term\u00e9szet\u00fckn\u00e9l fogva v\u00e1ltoz\u00e9konyak, \u00e9rz\u00e9kenyek a k\u00f6rnyezeti hat\u00e1sokra, gondoz\u00e1sra \u00e9s sz\u00e1ll\u00edt\u00e1sra. Ennek megfelel\u0151en:<\/span><\/p>\n<ul>\n<li><span>A bonsai f\u00e1k \u00e1llapot\u00e1t minden esetben dokument\u00e1ljuk a megrendel\u00e9s visszaigazol\u00e1sakor k\u00fcld\u00f6tt f\u00e9nyk\u00e9peken.<\/span><\/li>\n<li><span>A v\u00e1s\u00e1rl\u00f3 k\u00f6teles a n\u00f6v\u00e9nyt rendeltet\u00e9sszer\u0171en gondozni, a nem megfelel\u0151 \u00e1pol\u00e1sb\u00f3l ered\u0151 k\u00e1rok\u00e9rt a Szolg\u00e1ltat\u00f3 nem v\u00e1llal felel\u0151ss\u00e9get.<\/span><\/li>\n<li><span>\u00c9l\u0151 n\u00f6v\u00e9nyekre <strong>j\u00f3t\u00e1ll\u00e1s nem vonatkozik<\/strong>, azonban hib\u00e1s teljes\u00edt\u00e9s eset\u00e9n (pl. betegs\u00e9g, s\u00e9r\u00fcl\u00e9s a kisz\u00e1ll\u00edt\u00e1skor) a v\u00e1s\u00e1rl\u00f3 <strong>kell\u00e9kszavatoss\u00e1gi ig\u00e9nyt<\/strong> \u00e9rv\u00e9nyes\u00edthet.<\/span><\/li>\n<\/ul>\n<p><span><\/span><\/p>\n<h3><span style=\"color: #ffffff;\">\u00a0K\u00e9zm\u0171ves bonsai t\u00e1lak<\/span><\/h3>\n<p><span>A k\u00e9zm\u0171ves t\u00e1lak egyedi k\u00e9sz\u00edt\u00e9s\u0171 term\u00e9kek, amelyekre a Polg\u00e1ri T\u00f6rv\u00e9nyk\u00f6nyv alapj\u00e1n az al\u00e1bbi szavatoss\u00e1gi szab\u00e1lyok \u00e9rv\u00e9nyesek:<\/span><\/p>\n<ul>\n<li><span>A v\u00e1s\u00e1rl\u00f3 a hiba felfedez\u00e9se ut\u00e1n halad\u00e9ktalanul k\u00f6teles jelezni azt a Szolg\u00e1ltat\u00f3 fel\u00e9.<\/span><\/li>\n<li><span>A kell\u00e9kszavatoss\u00e1gi ig\u00e9ny a teljes\u00edt\u00e9s id\u0151pontj\u00e1t\u00f3l sz\u00e1m\u00edtott <strong>2 \u00e9ven bel\u00fcl<\/strong> \u00e9rv\u00e9nyes\u00edthet\u0151.<\/span><\/li>\n<li><span>A v\u00e1s\u00e1rl\u00f3 k\u00e9rheti a term\u00e9k kijav\u00edt\u00e1s\u00e1t, kicser\u00e9l\u00e9s\u00e9t, vagy \u2013 ha ezek nem lehets\u00e9gesek \u2013 \u00e1rlesz\u00e1ll\u00edt\u00e1st vagy el\u00e1ll\u00e1st.<\/span><\/li>\n<li><span>A k\u00e9zm\u0171ves term\u00e9kek eset\u00e9ben a kisebb eszt\u00e9tikai elt\u00e9r\u00e9sek (pl. m\u00e1zfoly\u00e1s, sz\u00edn\u00e1rnyalat k\u00fcl\u00f6nbs\u00e9g) nem min\u0151s\u00fclnek hib\u00e1nak, mivel az egyedis\u00e9g r\u00e9szei.<\/span><\/li>\n<\/ul>\n<p><span style=\"color: #ffffff; font-family: Cm; font-weight: normal; font-size: x-large;\"><\/span><\/p>\n<p>[\/et_pb_text][\/et_pb_column][\/et_pb_row][\/et_pb_section]<\/p>\n","protected":false},"excerpt":{"rendered":"<p>\u00c1ltal\u00e1nos szerz\u0151d\u00e9si felt\u00e9telek\u00c1LTAL\u00c1NOS SZERZ\u0150D\u00c9SI FELT\u00c9TELEK &nbsp; 1. Bevezet\u00e9s Jelen \u00c1ltal\u00e1nos Szerz\u0151d\u00e9si Felt\u00e9telek (tov\u00e1bbiakban: \u201e\u00c1SZF\u201d) a ginkgohatas.hu weboldal (tov\u00e1bbiakban: \u201eWeboldal\u201d) haszn\u00e1lat\u00e1nak felt\u00e9teleit tartalmazza, valamint szab\u00e1lyozza Horv\u00e1th Barnab\u00e1s E.V. (tov\u00e1bbiakban: \u201eSzolg\u00e1ltat\u00f3\u201d) \u00e9s a Weboldal l\u00e1togat\u00f3i k\u00f6z\u00f6tti jogviszonyt. A Weboldal c\u00e9lja a Szolg\u00e1ltat\u00f3 \u00e1ltal k\u00edn\u00e1lt bonsai f\u00e1k, egyedi bonsai t\u00e1lak \u00e9s kieg\u00e9sz\u00edt\u0151k bemutat\u00e1sa, valamint kapcsolatfelv\u00e9teli lehet\u0151s\u00e9g biztos\u00edt\u00e1sa. A [&hellip;]<\/p>\n","protected":false},"author":1,"featured_media":0,"parent":0,"menu_order":0,"comment_status":"closed","ping_status":"closed","template":"","meta":{"_et_pb_use_builder":"on","_et_pb_old_content":"","_et_gb_content_width":"","footnotes":""},"class_list":["post-233630","page","type-page","status-publish","hentry"],"_links":{"self":[{"href":"https:\/\/ginkgohatas.hu\/en\/wp-json\/wp\/v2\/pages\/233630","targetHints":{"allow":["GET"]}}],"collection":[{"href":"https:\/\/ginkgohatas.hu\/en\/wp-json\/wp\/v2\/pages"}],"about":[{"href":"https:\/\/ginkgohatas.hu\/en\/wp-json\/wp\/v2\/types\/page"}],"author":[{"embeddable":true,"href":"https:\/\/ginkgohatas.hu\/en\/wp-json\/wp\/v2\/users\/1"}],"replies":[{"embeddable":true,"href":"https:\/\/ginkgohatas.hu\/en\/wp-json\/wp\/v2\/comments?post=233630"}],"version-history":[{"count":4,"href":"https:\/\/ginkgohatas.hu\/en\/wp-json\/wp\/v2\/pages\/233630\/revisions"}],"predecessor-version":[{"id":233636,"href":"https:\/\/ginkgohatas.hu\/en\/wp-json\/wp\/v2\/pages\/233630\/revisions\/233636"}],"wp:attachment":[{"href":"https:\/\/ginkgohatas.hu\/en\/wp-json\/wp\/v2\/media?parent=233630"}],"curies":[{"name":"wp","href":"https:\/\/api.w.org\/{rel}","templated":true}]}}