{"id":233647,"date":"2025-08-28T21:24:09","date_gmt":"2025-08-28T21:24:09","guid":{"rendered":"https:\/\/ginkgohatas.hu\/?page_id=233647"},"modified":"2025-08-28T21:24:21","modified_gmt":"2025-08-28T21:24:21","slug":"impresszum","status":"publish","type":"page","link":"https:\/\/ginkgohatas.hu\/en\/impresszum\/","title":{"rendered":"Legal Notice"},"content":{"rendered":"<p>[et_pb_section fb_built=&#8221;1&#8243; admin_label=&#8221;Header&#8221; _builder_version=&#8221;4.27.4&#8243; _module_preset=&#8221;default&#8221; use_background_color_gradient=&#8221;on&#8221; background_color_gradient_stops=&#8221;#b3b3b3 0%|#ffffff 100%&#8221; collapsed=&#8221;on&#8221; global_colors_info=&#8221;{}&#8221;][et_pb_row _builder_version=&#8221;4.20.0&#8243; _module_preset=&#8221;default&#8221; global_colors_info=&#8221;{}&#8221;][et_pb_column type=&#8221;4_4&#8243; _builder_version=&#8221;4.20.0&#8243; _module_preset=&#8221;default&#8221; global_colors_info=&#8221;{}&#8221;][et_pb_text _builder_version=&#8221;4.20.0&#8243; _module_preset=&#8221;7022b2d6-42d5-4394-baf1-89dd31d616ed&#8221; text_orientation=&#8221;center&#8221; global_colors_info=&#8221;{}&#8221;]<\/p>\n<h1 style=\"text-align: center;\"><span style=\"font-size: xx-large;\">Impresszum<\/span><\/h1>\n<p>[\/et_pb_text][\/et_pb_column][\/et_pb_row][et_pb_row custom_padding_last_edited=&#8221;on|tablet&#8221; _builder_version=&#8221;4.27.4&#8243; _module_preset=&#8221;default&#8221; background_enable_color=&#8221;off&#8221; use_background_color_gradient=&#8221;on&#8221; background_color_gradient_stops=&#8221;#c9c9c9 1%|#6b6b6b 10%&#8221; custom_padding=&#8221;80px|81px|80px|81px|true|true&#8221; custom_padding_tablet=&#8221;40px|40px|40px|40px|true|true&#8221; custom_padding_phone=&#8221;20px|20px|20px|20px|true|true&#8221; border_radii=&#8221;on|10px|10px|10px|10px&#8221; global_colors_info=&#8221;{}&#8221;][et_pb_column type=&#8221;4_4&#8243; _builder_version=&#8221;4.20.0&#8243; _module_preset=&#8221;default&#8221; global_colors_info=&#8221;{}&#8221;][et_pb_text _builder_version=&#8221;4.27.4&#8243; _module_preset=&#8221;ea0cd041-4497-4e50-adea-b70871dc1045&#8243; text_text_color=&#8221;#FFFFFF&#8221; inline_fonts=&#8221;Cm&#8221; global_colors_info=&#8221;{}&#8221;]<\/p>\n<h2 style=\"text-align: center;\"><span style=\"color: #ffffff;\">Impresszum<\/span><\/h2>\n<p><strong>A weboldal \u00fczemeltet\u0151je:<\/strong><br \/>Horv\u00e1th Barnab\u00e1s E.V.<br \/><strong>Sz\u00e9khely:<\/strong> 7630 P\u00e9cs Rezg\u0151 utca 14.<br \/><strong>Ad\u00f3sz\u00e1m: <span>5966837-1-22<\/span><\/strong><\/p>\n<p><strong>Kapcsolattart\u00f3 neve:<\/strong> Horv\u00e1th Barnab\u00e1s<br \/><strong>Email:<\/strong> info@ginkgohatas.hu<br \/><strong>Telefon:<\/strong><br \/><strong>T\u00e1rhelyszolg\u00e1ltat\u00f3:<\/strong> T\u00e1rhely.Eu Kft. \u2013 1144 Budapest, Orm\u00e1ns\u00e1g utca 4.<\/p>\n<p><strong>Tev\u00e9kenys\u00e9g jellege:<\/strong><br \/>A weboldal c\u00e9lja bonsai f\u00e1k, k\u00e9zm\u0171ves bonsai t\u00e1lak \u00e9s kieg\u00e9sz\u00edt\u0151k bemutat\u00e1sa, valamint aj\u00e1nlatk\u00e9r\u00e9s lehet\u0151s\u00e9g\u00e9nek biztos\u00edt\u00e1sa. A weboldalon kereszt\u00fcl k\u00f6zvetlen v\u00e1s\u00e1rl\u00e1s nem lehets\u00e9ges, minden megrendel\u00e9s egyedi egyeztet\u00e9s alapj\u00e1n t\u00f6rt\u00e9nik.<\/p>\n<p>[\/et_pb_text][\/et_pb_column][\/et_pb_row][\/et_pb_section]<\/p>\n","protected":false},"excerpt":{"rendered":"<p>ImpresszumImpresszum A weboldal \u00fczemeltet\u0151je:Horv\u00e1th Barnab\u00e1s E.V.Sz\u00e9khely: 7630 P\u00e9cs Rezg\u0151 utca 14.Ad\u00f3sz\u00e1m: 5966837-1-22 Kapcsolattart\u00f3 neve: Horv\u00e1th Barnab\u00e1sEmail: info@ginkgohatas.huTelefon:T\u00e1rhelyszolg\u00e1ltat\u00f3: T\u00e1rhely.Eu Kft. \u2013 1144 Budapest, Orm\u00e1ns\u00e1g utca 4. Tev\u00e9kenys\u00e9g jellege:A weboldal c\u00e9lja bonsai f\u00e1k, k\u00e9zm\u0171ves bonsai t\u00e1lak \u00e9s kieg\u00e9sz\u00edt\u0151k bemutat\u00e1sa, valamint aj\u00e1nlatk\u00e9r\u00e9s lehet\u0151s\u00e9g\u00e9nek biztos\u00edt\u00e1sa. A weboldalon kereszt\u00fcl k\u00f6zvetlen v\u00e1s\u00e1rl\u00e1s nem lehets\u00e9ges, minden megrendel\u00e9s egyedi egyeztet\u00e9s alapj\u00e1n t\u00f6rt\u00e9nik.<\/p>","protected":false},"author":1,"featured_media":0,"parent":0,"menu_order":0,"comment_status":"closed","ping_status":"closed","template":"","meta":{"_et_pb_use_builder":"on","_et_pb_old_content":"","_et_gb_content_width":"","footnotes":""},"class_list":["post-233647","page","type-page","status-publish","hentry"],"_links":{"self":[{"href":"https:\/\/ginkgohatas.hu\/en\/wp-json\/wp\/v2\/pages\/233647","targetHints":{"allow":["GET"]}}],"collection":[{"href":"https:\/\/ginkgohatas.hu\/en\/wp-json\/wp\/v2\/pages"}],"about":[{"href":"https:\/\/ginkgohatas.hu\/en\/wp-json\/wp\/v2\/types\/page"}],"author":[{"embeddable":true,"href":"https:\/\/ginkgohatas.hu\/en\/wp-json\/wp\/v2\/users\/1"}],"replies":[{"embeddable":true,"href":"https:\/\/ginkgohatas.hu\/en\/wp-json\/wp\/v2\/comments?post=233647"}],"version-history":[{"count":5,"href":"https:\/\/ginkgohatas.hu\/en\/wp-json\/wp\/v2\/pages\/233647\/revisions"}],"predecessor-version":[{"id":234220,"href":"https:\/\/ginkgohatas.hu\/en\/wp-json\/wp\/v2\/pages\/233647\/revisions\/234220"}],"wp:attachment":[{"href":"https:\/\/ginkgohatas.hu\/en\/wp-json\/wp\/v2\/media?parent=233647"}],"curies":[{"name":"wp","href":"https:\/\/api.w.org\/{rel}","templated":true}]}}