{"id":5362,"date":"2021-11-03T19:37:04","date_gmt":"2021-11-03T19:37:04","guid":{"rendered":"https:\/\/ginkgohatas.hu\/?page_id=5362"},"modified":"2025-09-29T16:45:08","modified_gmt":"2025-09-29T16:45:08","slug":"kapcsolat","status":"publish","type":"page","link":"https:\/\/ginkgohatas.hu\/en\/kapcsolat\/","title":{"rendered":"Contact Us"},"content":{"rendered":"<p>[et_pb_section fb_built=&#8221;1&#8243; admin_label=&#8221;Reach Us Section&#8221; _builder_version=&#8221;4.16&#8243; background_color=&#8221;#c4c4c4&#8243; custom_padding=&#8221;90px||90px|&#8221; global_colors_info=&#8221;{}&#8221;][et_pb_row admin_label=&#8221;Reach Us Area&#8221; _builder_version=&#8221;4.16&#8243; global_colors_info=&#8221;{}&#8221;][et_pb_column type=&#8221;4_4&#8243; _builder_version=&#8221;4.16&#8243; custom_padding=&#8221;|||&#8221; global_colors_info=&#8221;{}&#8221; custom_padding__hover=&#8221;|||&#8221;][et_pb_text admin_label=&#8221;Title&#8221; _builder_version=&#8221;4.27.4&#8243; header_font=&#8221;||||||||&#8221; header_2_font=&#8221;Poppins|600|||||||&#8221; header_2_text_align=&#8221;center&#8221; header_2_font_size=&#8221;36px&#8221; max_width=&#8221;550px&#8221; module_alignment=&#8221;center&#8221; custom_margin=&#8221;||0px|&#8221; animation_style=&#8221;fade&#8221; hover_enabled=&#8221;0&#8243; text_font_size_tablet=&#8221;&#8221; text_font_size_phone=&#8221;10px&#8221; text_font_size_last_edited=&#8221;on|phone&#8221; global_colors_info=&#8221;{}&#8221; text_font_size__hover_enabled=&#8221;on|desktop&#8221; sticky_enabled=&#8221;0&#8243;]<\/p>\n<h2>El\u00e9rhet\u0151s\u00e9geink<\/h2>\n<p>[\/et_pb_text][et_pb_divider color=&#8221;#fdb467&#8243; divider_position=&#8221;center&#8221; divider_weight=&#8221;3px&#8221; _builder_version=&#8221;4.16&#8243; max_width=&#8221;50px&#8221; module_alignment=&#8221;center&#8221; custom_margin=&#8221;||20px|&#8221; animation_style=&#8221;slide&#8221; animation_direction=&#8221;top&#8221; animation_intensity_slide=&#8221;10%&#8221; animation_starting_opacity=&#8221;100%&#8221; global_colors_info=&#8221;{}&#8221;][\/et_pb_divider][et_pb_text _builder_version=&#8221;4.16&#8243; text_font=&#8221;Poppins||||||||&#8221; text_font_size=&#8221;18px&#8221; text_line_height=&#8221;1.8em&#8221; text_orientation=&#8221;center&#8221; max_width=&#8221;550px&#8221; module_alignment=&#8221;center&#8221; animation_style=&#8221;fade&#8221; global_colors_info=&#8221;{}&#8221;]<\/p>\n<p>Kedves L\u00e1togat\u00f3!<\/p>\n<p>K\u00e9rd\u00e9sed van? Elakadt\u00e1l? Seg\u00edts\u00e9gre van sz\u00fcks\u00e9ged?<\/p>\n<p>Keress minket b\u00e1tran!<\/p>\n<p>Az al\u00e1bbi el\u00e9rhet\u0151s\u00e9geink egyik\u00e9n vedd fel vel\u00fcnk a kapcsolatot, \u00e9s r\u00f6vid id\u0151n bel\u00fcl jelentkezni fogunk!<\/p>\n<p>[\/et_pb_text][\/et_pb_column][\/et_pb_row][et_pb_row column_structure=&#8221;1_2,1_2&#8243; _builder_version=&#8221;4.27.4&#8243; global_colors_info=&#8221;{}&#8221;][et_pb_column type=&#8221;1_2&#8243; _builder_version=&#8221;4.27.4&#8243; custom_padding=&#8221;|||&#8221; border_radii=&#8221;on|20px|20px|20px|20px&#8221; box_shadow_style=&#8221;preset2&#8243; global_colors_info=&#8221;{}&#8221; custom_padding__hover=&#8221;|||&#8221;][et_pb_blurb title=&#8221;Telefonsz\u00e1m&#8221; use_icon=&#8221;on&#8221; font_icon=&#8221;&#xe090;||divi||400&#8243; icon_color=&#8221;#fdb467&#8243; image_icon_width=&#8221;32px&#8221; admin_label=&#8221;Email&#8221; _builder_version=&#8221;4.27.4&#8243; header_font=&#8221;Poppins|600|||||||&#8221; header_font_size=&#8221;24px&#8221; body_font=&#8221;Poppins||||||||&#8221; body_font_size=&#8221;18px&#8221; body_line_height=&#8221;1.8em&#8221; background_color=&#8221;#ffffff&#8221; text_orientation=&#8221;center&#8221; custom_padding=&#8221;60px|30px|60px|30px&#8221; box_shadow_style=&#8221;preset2&#8243; box_shadow_color=&#8221;#595959&#8243; icon_font_size=&#8221;32px&#8221; global_colors_info=&#8221;{}&#8221;]<\/p>\n<p>+3630\/3969830<\/p>\n<p>[\/et_pb_blurb][\/et_pb_column][et_pb_column type=&#8221;1_2&#8243; _builder_version=&#8221;4.16&#8243; _module_preset=&#8221;default&#8221; global_colors_info=&#8221;{}&#8221;][et_pb_blurb title=&#8221;Email&#8221; use_icon=&#8221;on&#8221; font_icon=&#8221;&#xe076;||divi||400&#8243; icon_color=&#8221;#fdb467&#8243; image_icon_width=&#8221;32px&#8221; admin_label=&#8221;Email&#8221; _builder_version=&#8221;4.27.4&#8243; header_font=&#8221;Poppins|600|||||||&#8221; header_font_size=&#8221;24px&#8221; body_font=&#8221;Poppins||||||||&#8221; body_font_size=&#8221;18px&#8221; body_line_height=&#8221;1.8em&#8221; background_color=&#8221;#ffffff&#8221; text_orientation=&#8221;center&#8221; custom_padding=&#8221;60px|30px|60px|30px&#8221; border_radii=&#8221;on|20px|20px|20px|20px&#8221; box_shadow_style=&#8221;preset2&#8243; box_shadow_color=&#8221;#595959&#8243; icon_font_size=&#8221;32px&#8221; global_colors_info=&#8221;{}&#8221;]<\/p>\n<p>info@ginkgohatas.hu<\/p>\n<p>[\/et_pb_blurb][\/et_pb_column][\/et_pb_row][et_pb_row _builder_version=&#8221;4.27.4&#8243; _module_preset=&#8221;default&#8221; global_colors_info=&#8221;{}&#8221;][et_pb_column type=&#8221;4_4&#8243; _builder_version=&#8221;4.27.4&#8243; _module_preset=&#8221;default&#8221; global_colors_info=&#8221;{}&#8221;][et_pb_text _builder_version=&#8221;4.27.4&#8243; _module_preset=&#8221;default&#8221; global_colors_info=&#8221;{}&#8221;]<\/p>\n<h1><strong>K\u00f6z\u00f6ss\u00e9gi oldalaink:<\/strong><\/h1>\n<p>[\/et_pb_text][\/et_pb_column][\/et_pb_row][et_pb_row column_structure=&#8221;1_2,1_2&#8243; _builder_version=&#8221;4.27.4&#8243; global_colors_info=&#8221;{}&#8221;][et_pb_column type=&#8221;1_2&#8243; _builder_version=&#8221;4.27.4&#8243; custom_padding=&#8221;|||&#8221; border_radii=&#8221;on|20px|20px|20px|20px&#8221; box_shadow_style=&#8221;preset2&#8243; global_colors_info=&#8221;{}&#8221; custom_padding__hover=&#8221;|||&#8221;][et_pb_blurb title=&#8221;Facebook&#8221; use_icon=&#8221;on&#8221; font_icon=&#8221;&#xe0aa;||divi||400&#8243; icon_color=&#8221;#fdb467&#8243; image_icon_width=&#8221;32px&#8221; admin_label=&#8221;Email&#8221; _builder_version=&#8221;4.27.4&#8243; header_font=&#8221;Poppins|600|||||||&#8221; header_font_size=&#8221;24px&#8221; body_font=&#8221;Poppins||||||||&#8221; body_font_size=&#8221;18px&#8221; body_line_height=&#8221;1.8em&#8221; background_color=&#8221;#ffffff&#8221; text_orientation=&#8221;center&#8221; custom_padding=&#8221;60px|30px|60px|30px&#8221; link_option_url=&#8221;https:\/\/www.facebook.com\/ginkgohatas&#8221; box_shadow_style=&#8221;preset2&#8243; box_shadow_color=&#8221;#595959&#8243; icon_font_size=&#8221;32px&#8221; global_colors_info=&#8221;{}&#8221;]<\/p>\n<p>ginkgohatas<\/p>\n<p>[\/et_pb_blurb][\/et_pb_column][et_pb_column type=&#8221;1_2&#8243; _builder_version=&#8221;4.16&#8243; _module_preset=&#8221;default&#8221; global_colors_info=&#8221;{}&#8221;][et_pb_blurb title=&#8221;Instagram&#8221; use_icon=&#8221;on&#8221; font_icon=&#8221;&#xe0b1;||divi||400&#8243; icon_color=&#8221;#fdb467&#8243; image_icon_width=&#8221;32px&#8221; admin_label=&#8221;Email&#8221; _builder_version=&#8221;4.27.4&#8243; header_font=&#8221;Poppins|600|||||||&#8221; header_font_size=&#8221;24px&#8221; body_font=&#8221;Poppins||||||||&#8221; body_font_size=&#8221;18px&#8221; body_line_height=&#8221;1.8em&#8221; background_color=&#8221;#ffffff&#8221; text_orientation=&#8221;center&#8221; custom_padding=&#8221;60px|30px|60px|30px&#8221; link_option_url=&#8221;https:\/\/www.instagram.com\/ginkgohatas\/&#8221; border_radii=&#8221;on|20px|20px|20px|20px&#8221; box_shadow_style=&#8221;preset2&#8243; box_shadow_color=&#8221;#595959&#8243; icon_font_size=&#8221;32px&#8221; global_colors_info=&#8221;{}&#8221;]<\/p>\n<p>@ginkgohatas<\/p>\n<p>[\/et_pb_blurb][\/et_pb_column][\/et_pb_row][et_pb_row column_structure=&#8221;1_3,1_3,1_3&#8243; _builder_version=&#8221;4.16&#8243; global_colors_info=&#8221;{}&#8221;][et_pb_column type=&#8221;1_3&#8243; _builder_version=&#8221;4.16&#8243; custom_padding=&#8221;|||&#8221; global_colors_info=&#8221;{}&#8221; custom_padding__hover=&#8221;|||&#8221;][et_pb_blurb title=&#8221;TikTok&#8221; use_icon=&#8221;on&#8221; font_icon=&#8221;&#xe07b;||fa||400&#8243; icon_color=&#8221;#fdb467&#8243; image_icon_width=&#8221;32px&#8221; admin_label=&#8221;Email&#8221; _builder_version=&#8221;4.27.4&#8243; header_font=&#8221;Poppins|600|||||||&#8221; header_font_size=&#8221;24px&#8221; body_font=&#8221;Poppins||||||||&#8221; body_font_size=&#8221;18px&#8221; body_line_height=&#8221;1.8em&#8221; background_color=&#8221;#ffffff&#8221; text_orientation=&#8221;center&#8221; custom_padding=&#8221;60px|30px|60px|30px&#8221; link_option_url=&#8221;https:\/\/www.tiktok.com\/tag\/ginkgohatas&#8221; border_radii=&#8221;on|20px|20px|20px|20px&#8221; box_shadow_style=&#8221;preset2&#8243; box_shadow_color=&#8221;#595959&#8243; icon_font_size=&#8221;32px&#8221; global_colors_info=&#8221;{}&#8221;]<\/p>\n<p>ginkgohatas<\/p>\n<p>[\/et_pb_blurb][\/et_pb_column][et_pb_column type=&#8221;1_3&#8243; _builder_version=&#8221;4.16&#8243; _module_preset=&#8221;default&#8221; global_colors_info=&#8221;{}&#8221;][et_pb_blurb title=&#8221;Youtube&#8221; use_icon=&#8221;on&#8221; font_icon=&#8221;&#xe0ba;||divi||400&#8243; icon_color=&#8221;#fdb467&#8243; image_icon_width=&#8221;32px&#8221; admin_label=&#8221;Email&#8221; _builder_version=&#8221;4.27.4&#8243; header_font=&#8221;Poppins|600|||||||&#8221; header_font_size=&#8221;24px&#8221; body_font=&#8221;Poppins||||||||&#8221; body_font_size=&#8221;18px&#8221; body_line_height=&#8221;1.8em&#8221; background_color=&#8221;#ffffff&#8221; text_orientation=&#8221;center&#8221; custom_padding=&#8221;60px|30px|60px|30px&#8221; link_option_url=&#8221;https:\/\/www.youtube.com\/@ginkgohatas&#8221; border_radii=&#8221;on|20px|20px|20px|20px&#8221; box_shadow_style=&#8221;preset2&#8243; box_shadow_color=&#8221;#595959&#8243; icon_font_size=&#8221;32px&#8221; global_colors_info=&#8221;{}&#8221;]<\/p>\n<p>ginkgohatas<\/p>\n<p>[\/et_pb_blurb][\/et_pb_column][et_pb_column type=&#8221;1_3&#8243; _builder_version=&#8221;4.16&#8243; custom_padding=&#8221;|||&#8221; global_colors_info=&#8221;{}&#8221; custom_padding__hover=&#8221;|||&#8221;][et_pb_blurb title=&#8221;Pinterest&#8221; use_icon=&#8221;on&#8221; font_icon=&#8221;&#xe0ac;||divi||400&#8243; icon_color=&#8221;#fdb467&#8243; image_icon_width=&#8221;32px&#8221; admin_label=&#8221;Email&#8221; _builder_version=&#8221;4.27.4&#8243; header_font=&#8221;Poppins|600|||||||&#8221; header_font_size=&#8221;24px&#8221; body_font=&#8221;Poppins||||||||&#8221; body_font_size=&#8221;18px&#8221; body_line_height=&#8221;1.8em&#8221; background_color=&#8221;#ffffff&#8221; text_orientation=&#8221;center&#8221; custom_padding=&#8221;60px|30px|60px|30px&#8221; link_option_url=&#8221;https:\/\/hu.pinterest.com\/ginkgohatas\/&#8221; border_radii=&#8221;on|20px|20px|20px|20px&#8221; box_shadow_style=&#8221;preset2&#8243; box_shadow_color=&#8221;#595959&#8243; icon_font_size=&#8221;32px&#8221; global_colors_info=&#8221;{}&#8221;]<\/p>\n<p>ginkgohatas<\/p>\n<p>[\/et_pb_blurb][\/et_pb_column][\/et_pb_row][\/et_pb_section]<\/p>\n","protected":false},"excerpt":{"rendered":"<p>El\u00e9rhet\u0151s\u00e9geinkKedves L\u00e1togat\u00f3! K\u00e9rd\u00e9sed van? Elakadt\u00e1l? Seg\u00edts\u00e9gre van sz\u00fcks\u00e9ged? Keress minket b\u00e1tran! Az al\u00e1bbi el\u00e9rhet\u0151s\u00e9geink egyik\u00e9n vedd fel vel\u00fcnk a kapcsolatot, \u00e9s r\u00f6vid id\u0151n bel\u00fcl jelentkezni fogunk!+3630\/3969830info@ginkgohatas.huK\u00f6z\u00f6ss\u00e9gi oldalaink:ginkgohatas@ginkgohatasginkgohatasginkgohatasginkgohatas<\/p>","protected":false},"author":1,"featured_media":0,"parent":0,"menu_order":0,"comment_status":"closed","ping_status":"closed","template":"","meta":{"_et_pb_use_builder":"on","_et_pb_old_content":"","_et_gb_content_width":"","footnotes":""},"class_list":["post-5362","page","type-page","status-publish","hentry"],"_links":{"self":[{"href":"https:\/\/ginkgohatas.hu\/en\/wp-json\/wp\/v2\/pages\/5362","targetHints":{"allow":["GET"]}}],"collection":[{"href":"https:\/\/ginkgohatas.hu\/en\/wp-json\/wp\/v2\/pages"}],"about":[{"href":"https:\/\/ginkgohatas.hu\/en\/wp-json\/wp\/v2\/types\/page"}],"author":[{"embeddable":true,"href":"https:\/\/ginkgohatas.hu\/en\/wp-json\/wp\/v2\/users\/1"}],"replies":[{"embeddable":true,"href":"https:\/\/ginkgohatas.hu\/en\/wp-json\/wp\/v2\/comments?post=5362"}],"version-history":[{"count":17,"href":"https:\/\/ginkgohatas.hu\/en\/wp-json\/wp\/v2\/pages\/5362\/revisions"}],"predecessor-version":[{"id":234326,"href":"https:\/\/ginkgohatas.hu\/en\/wp-json\/wp\/v2\/pages\/5362\/revisions\/234326"}],"wp:attachment":[{"href":"https:\/\/ginkgohatas.hu\/en\/wp-json\/wp\/v2\/media?parent=5362"}],"curies":[{"name":"wp","href":"https:\/\/api.w.org\/{rel}","templated":true}]}}