{"id":6869,"date":"2025-06-16T20:08:52","date_gmt":"2025-06-16T20:08:52","guid":{"rendered":"https:\/\/ginkgohatas.hu\/?page_id=6869"},"modified":"2025-09-30T13:13:47","modified_gmt":"2025-09-30T13:13:47","slug":"tortenetunk","status":"publish","type":"page","link":"https:\/\/ginkgohatas.hu\/en\/tortenetunk\/","title":{"rendered":"Our Journey"},"content":{"rendered":"<p>[et_pb_section fb_built=&#8221;1&#8243; admin_label=&#8221;Header&#8221; _builder_version=&#8221;4.27.4&#8243; _module_preset=&#8221;default&#8221; use_background_color_gradient=&#8221;on&#8221; background_color_gradient_stops=&#8221;#b3b3b3 0%|#ffffff 100%&#8221; collapsed=&#8221;on&#8221; global_colors_info=&#8221;{}&#8221;][et_pb_row _builder_version=&#8221;4.20.0&#8243; _module_preset=&#8221;default&#8221; global_colors_info=&#8221;{}&#8221;][et_pb_column type=&#8221;4_4&#8243; _builder_version=&#8221;4.20.0&#8243; _module_preset=&#8221;default&#8221; global_colors_info=&#8221;{}&#8221;][et_pb_text _builder_version=&#8221;4.20.0&#8243; _module_preset=&#8221;7022b2d6-42d5-4394-baf1-89dd31d616ed&#8221; text_orientation=&#8221;center&#8221; global_colors_info=&#8221;{}&#8221;]<\/p>\n<h1>T\u00f6rt\u00e9net\u00fcnk<\/h1>\n<p>[\/et_pb_text][\/et_pb_column][\/et_pb_row][et_pb_row custom_padding_last_edited=&#8221;on|tablet&#8221; _builder_version=&#8221;4.27.4&#8243; _module_preset=&#8221;default&#8221; background_enable_color=&#8221;off&#8221; use_background_color_gradient=&#8221;on&#8221; background_color_gradient_stops=&#8221;#ffffff 0%|#6b6b6b 32%&#8221; custom_padding=&#8221;80px|80px|80px|80px|true|true&#8221; custom_padding_tablet=&#8221;40px|40px|40px|40px|true|true&#8221; custom_padding_phone=&#8221;20px|20px|20px|20px|true|true&#8221; border_radii=&#8221;on|10px|10px|10px|10px&#8221; global_colors_info=&#8221;{}&#8221;][et_pb_column type=&#8221;4_4&#8243; _builder_version=&#8221;4.20.0&#8243; _module_preset=&#8221;default&#8221; global_colors_info=&#8221;{}&#8221;][et_pb_image src=&#8221;https:\/\/ginkgohatas.hu\/wp-content\/uploads\/2024\/01\/DSC09957-scaled.jpg&#8221; title_text=&#8221;DSC09957&#8243; align=&#8221;center&#8221; force_fullwidth=&#8221;on&#8221; _builder_version=&#8221;4.27.4&#8243; _module_preset=&#8221;default&#8221; width_tablet=&#8221;&#8221; width_phone=&#8221;&#8221; width_last_edited=&#8221;on|desktop&#8221; min_height_tablet=&#8221;&#8221; min_height_phone=&#8221;&#8221; min_height_last_edited=&#8221;on|desktop&#8221; height=&#8221;50%&#8221; border_radii=&#8221;on|10px|10px|10px|10px&#8221; global_colors_info=&#8221;{}&#8221; min_height__hover_enabled=&#8221;on|desktop&#8221;][\/et_pb_image][et_pb_text _builder_version=&#8221;4.27.4&#8243; _module_preset=&#8221;ea0cd041-4497-4e50-adea-b70871dc1045&#8243; text_text_color=&#8221;#FFFFFF&#8221; custom_margin=&#8221;60px|||||&#8221; inline_fonts=&#8221;Cm&#8221; global_colors_info=&#8221;{}&#8221;]<\/p>\n<p><span style=\"font-family: Cm; font-weight: normal; font-size: xx-large;\">A Ginkgo k\u0151kompozit t\u00f6rt\u00e9nete, \u0151szint\u00e9n cenz\u00far\u00e1k n\u00e9lk\u00fcl <span class=\"html-span xexx8yu xyri2b x18d9i69 x1c1uobl x1hl2dhg x16tdsg8 x1vvkbs x3nfvp2 x1j61x8r x1fcty0u xdj266r xat24cr xm2jcoa x1mpyi22 xxymvpz xlup9mm x1kky2od\"><img loading=\"lazy\" decoding=\"async\" height=\"16\" width=\"16\" class=\"xz74otr x15mokao x1ga7v0g x16uus16 xbiv7yw\" alt=\"\ud83c\udfac\" referrerpolicy=\"origin-when-cross-origin\" src=\"https:\/\/static.xx.fbcdn.net\/images\/emoji.php\/v9\/tcc\/2\/16\/1f3ac.png\" \/><\/span><\/span><span> <\/span><\/p>\n<p><span>K\u00e9t \u00e9vvel ezel\u0151tt, egy forr\u00f3 ny\u00e1ri napon pattant ki az \u00f6tlet a fej\u00fcnkb\u0151l. Tal\u00e1n a h\u0151s\u00e9g, tal\u00e1n a szenved\u00e9ly\u00fcnk tette, de a probl\u00e9ma, amivel szembes\u00fclt\u00fcnk, val\u00f3s volt: nehezen tal\u00e1ltunk olyan fagy\u00e1ll\u00f3 t\u00e1lakat, amelyek m\u00e9lt\u00f3k lettek volna n\u00f6v\u00e9nyeink, k\u00fcl\u00f6n\u00f6sen bonsai-aink sz\u00e9ps\u00e9g\u00e9hez \u00e9s ig\u00e9nyeihez. Nem csak praktikus, de eszt\u00e9tikus megold\u00e1st kerest\u00fcnk. Olyan t\u00e1lakat szerett\u00fcnk volna, amelyek k\u0151mint\u00e1sak, harmoniz\u00e1lnak a bonsaiokkal, \u00e9s visszaadj\u00e1k a term\u00e9szetes \u00e9l\u0151hely hangulat\u00e1t. Elrugaszkodtunk a klasszikus form\u00e1kt\u00f3l, \u00faj designokat \u00e1lmodtunk meg, a bonsaiok k\u00fcl\u00f6nleges form\u00e1j\u00e1t, lombkoron\u00e1j\u00e1t k\u00f6vetve. Azt\u00e1n j\u00f6ttek a k\u00e9rd\u00e9sek. Hogyan lesz fagy\u00e1ll\u00f3? Mib\u0151l k\u00e9sz\u00fclhet, hogy egyszerre legyen stabil \u00e9s ultra k\u00f6nny\u0171? Hogyan b\u00edrja majd el a fa s\u00faly\u00e1t? Hogyan sz\u00e1ll\u00edthat\u00f3? Elkezd\u0151d\u00f6tt a k\u00eds\u00e9rletez\u00e9s &#8211; l\u00e9p\u00e9sr\u0151l l\u00e9p\u00e9sre. Folyamatosan bele\u00fctk\u00f6zt\u00fcnk valami akad\u00e1lyba. Rengeteg anyagot pr\u00f3b\u00e1ltunk ki, sz\u00e1mtalan kudarcot \u00e9lt\u00fcnk meg, sok \u00e1lmatlan \u00e9jszak\u00e1t \u00e1tv\u00e9szelve, de a kompozit nem akart \u00f6ssze\u00e1llni \u00fagy, ahogy elk\u00e9pzelt\u00fck. Ekkor bevontunk vegy\u00e9szm\u00e9rn\u00f6k\u00f6ket is, akik nem kis szakmai kih\u00edv\u00e1ssal tal\u00e1lt\u00e1k szembe magukat. Folyamatosan seg\u00edtettek benn\u00fcnket apr\u00f3 tan\u00e1csokkal, amiket mi magunk k\u00eds\u00e9rletezt\u00fcnk ki, \u00fajra \u00e9s \u00fajra. V\u00e9g\u00fcl \u0151k is v\u00e9gigk\u00eds\u00e9rt\u00e9k a term\u00e9kfejleszt\u00e9s \u00fatj\u00e1t. Ez\u00faton is k\u00f6sz\u00f6nj\u00fck nekik, hogy r\u00e9szesei voltak ennek a hossz\u00fa \u00e9s izgalmas folyamatnak. <\/span><span class=\"html-span xexx8yu xyri2b x18d9i69 x1c1uobl x1hl2dhg x16tdsg8 x1vvkbs x3nfvp2 x1j61x8r x1fcty0u xdj266r xat24cr xm2jcoa x1mpyi22 xxymvpz xlup9mm x1kky2od\"><img loading=\"lazy\" decoding=\"async\" height=\"16\" width=\"16\" class=\"xz74otr x15mokao x1ga7v0g x16uus16 xbiv7yw\" alt=\"\ud83d\ude4f\ud83c\udffc\" referrerpolicy=\"origin-when-cross-origin\" src=\"https:\/\/static.xx.fbcdn.net\/images\/emoji.php\/v9\/tdb\/2\/16\/1f64f_1f3fc.png\" \/><\/span><span> De m\u00e9g ekkor sem volt minden t\u00f6k\u00e9letes. Egyik este, amikor ism\u00e9t kudarcba fulladt a kever\u00e9k, reggel a kever\u0151t\u00e1lca alj\u00e1n, a red\u0151kben megb\u00fajva felfedezt\u00fcnk egy ultrav\u00e9kony, m\u00e9gis szinte t\u00f6rhetetlen kompozit-pehelylapot. Ez volt a fordul\u00f3pont. Tudtuk: j\u00f3 \u00faton j\u00e1runk. <\/span><span class=\"html-span xexx8yu xyri2b x18d9i69 x1c1uobl x1hl2dhg x16tdsg8 x1vvkbs x3nfvp2 x1j61x8r x1fcty0u xdj266r xat24cr xm2jcoa x1mpyi22 xxymvpz xlup9mm x1kky2od\"><img loading=\"lazy\" decoding=\"async\" height=\"16\" width=\"16\" class=\"xz74otr x15mokao x1ga7v0g x16uus16 xbiv7yw\" alt=\"\ud83d\ude0a\" referrerpolicy=\"origin-when-cross-origin\" src=\"https:\/\/static.xx.fbcdn.net\/images\/emoji.php\/v9\/t1e\/2\/16\/1f60a.png\" \/><\/span><span> Mint az \u00f3vod\u00e1sok, b\u00fcszk\u00e9n cipelt\u00fck magunkkal mindenhov\u00e1. <\/span><span class=\"html-span xexx8yu xyri2b x18d9i69 x1c1uobl x1hl2dhg x16tdsg8 x1vvkbs x3nfvp2 x1j61x8r x1fcty0u xdj266r xat24cr xm2jcoa x1mpyi22 xxymvpz xlup9mm x1kky2od\"><img loading=\"lazy\" decoding=\"async\" height=\"16\" width=\"16\" class=\"xz74otr x15mokao x1ga7v0g x16uus16 xbiv7yw\" alt=\"\ud83d\ude43\" referrerpolicy=\"origin-when-cross-origin\" src=\"https:\/\/static.xx.fbcdn.net\/images\/emoji.php\/v9\/t6c\/2\/16\/1f643.png\" \/><\/span><span> Egy vicces sztorit is musz\u00e1j megosztanunk: m\u00e1snap reggel a konyhaasztalon ott sorakozott az \u00faj mintadarab, a felfirk\u00e1lt receptv\u00e1zlat, \u00e9s egy \u00fczenet a csal\u00e1dnak: \u201eNe dobd ki, mert meg\u00fctlek!\u201d <\/span><span class=\"html-span xexx8yu xyri2b x18d9i69 x1c1uobl x1hl2dhg x16tdsg8 x1vvkbs x3nfvp2 x1j61x8r x1fcty0u xdj266r xat24cr xm2jcoa x1mpyi22 xxymvpz xlup9mm x1kky2od\"><img loading=\"lazy\" decoding=\"async\" height=\"16\" width=\"16\" class=\"xz74otr x15mokao x1ga7v0g x16uus16 xbiv7yw\" alt=\"\ud83e\udd23\" referrerpolicy=\"origin-when-cross-origin\" src=\"https:\/\/static.xx.fbcdn.net\/images\/emoji.php\/v9\/tf1\/2\/16\/1f923.png\" \/><\/span><span> Ezut\u00e1n indult el a tudatos, szakmai munka teljes sebess\u00e9ggel. C\u00e9lunk a term\u00e9szetes k\u0151 text\u00fara megalkot\u00e1sa volt. K\u00f6zel egy \u00e9v k\u00eds\u00e9rletez\u00e9s \u00e9s tesztel\u00e9s ut\u00e1n v\u00e9gre megtal\u00e1ltuk a t\u00f6k\u00e9letes receptet. Az anyag nemcsak fagy\u00e1ll\u00f3, hanem hihetetlen\u00fcl \u00e9leth\u0171 is, mintha egy meteorit darabj\u00e1t tartan\u00e1d a kezedben. <\/span><span class=\"html-span xexx8yu xyri2b x18d9i69 x1c1uobl x1hl2dhg x16tdsg8 x1vvkbs x3nfvp2 x1j61x8r x1fcty0u xdj266r xat24cr xm2jcoa x1mpyi22 xxymvpz xlup9mm x1kky2od\"><img loading=\"lazy\" decoding=\"async\" height=\"16\" width=\"16\" class=\"xz74otr x15mokao x1ga7v0g x16uus16 xbiv7yw\" alt=\"\ud83d\udc4f\ud83c\udffc\" referrerpolicy=\"origin-when-cross-origin\" src=\"https:\/\/static.xx.fbcdn.net\/images\/emoji.php\/v9\/td9\/2\/16\/1f44f_1f3fc.png\" \/><\/span><span> De itt nem \u00e1lltunk meg. Maximalist\u00e1k vagyunk, nem akartunk csak fekete \u00e1rnyalatokkal dolgozni. Megalkottuk a term\u00e9szet sz\u00edneit is: f\u00f6ld, f\u0171 \u00e9s \u00e1sv\u00e1nyok halv\u00e1ny \u00e1rnyalatai jelentek meg a kompozitokon. Boldogan nyugt\u00e1ztuk: 8 \u00f6sszetev\u0151b\u0151l el tudjuk k\u00e9sz\u00edteni a t\u00f6k\u00e9letes k\u0151kompozit t\u00e1lakat, a receptet pedig h\u00e9t lakat alatt \u0151rizz\u00fck. <\/span><span class=\"html-span xexx8yu xyri2b x18d9i69 x1c1uobl x1hl2dhg x16tdsg8 x1vvkbs x3nfvp2 x1j61x8r x1fcty0u xdj266r xat24cr xm2jcoa x1mpyi22 xxymvpz xlup9mm x1kky2od\"><img loading=\"lazy\" decoding=\"async\" height=\"16\" width=\"16\" class=\"xz74otr x15mokao x1ga7v0g x16uus16 xbiv7yw\" alt=\"\ud83d\udd10\" referrerpolicy=\"origin-when-cross-origin\" src=\"https:\/\/static.xx.fbcdn.net\/images\/emoji.php\/v9\/tcb\/2\/16\/1f510.png\" \/><\/span><span> Ezut\u00e1n m\u00e1r csak a form\u00e1kra \u00e9s m\u00e9retekre kellett f\u00f3kusz\u00e1lnunk. A sz\u00edv\u00fcnk m\u00e1r el\u00e9gedett volt, de az elm\u00e9nk \u00faj kih\u00edv\u00e1sokat keresett.<\/span><\/p>\n<p><span>\u00cdgy sz\u00fcletett meg a k\u00f6vetkez\u0151 c\u00e9l: <\/span><span style=\"font-size: 16px;\">3D-s, vertik\u00e1lis \u00fcreges szikl\u00e1k megalkot\u00e1sa.<\/span><\/p>\n<p><span> Ism\u00e9t elindult a tanul\u00e1s, az \u00e1lmatlan \u00e9jszak\u00e1k, a k\u00eds\u00e9rletez\u00e9s. Egy amerikai kutat\u00e1s tanulm\u00e1nyoz\u00e1sa k\u00f6zben egyetlen kiragadott mondat \u00faj rem\u00e9nyt adott: l\u00e1ttuk, hogyan lehetne egy teljesen \u00faj anyagot kifejleszteni. <\/span><span class=\"html-span xexx8yu xyri2b x18d9i69 x1c1uobl x1hl2dhg x16tdsg8 x1vvkbs x3nfvp2 x1j61x8r x1fcty0u xdj266r xat24cr xm2jcoa x1mpyi22 xxymvpz xlup9mm x1kky2od\"><img loading=\"lazy\" decoding=\"async\" height=\"16\" width=\"16\" class=\"xz74otr x15mokao x1ga7v0g x16uus16 xbiv7yw\" alt=\"\ud83d\udcda\" referrerpolicy=\"origin-when-cross-origin\" src=\"https:\/\/static.xx.fbcdn.net\/images\/emoji.php\/v9\/te8\/2\/16\/1f4da.png\" \/><\/span><span> Beszerezt\u00fck a hozz\u00e1val\u00f3kat.<\/span><\/p>\n<p><span>Az els\u0151 k\u00eds\u00e9rletn\u00e9l (itt is egy vicces sztori k\u00f6vetkezik <\/span><span class=\"html-span xexx8yu xyri2b x18d9i69 x1c1uobl x1hl2dhg x16tdsg8 x1vvkbs x3nfvp2 x1j61x8r x1fcty0u xdj266r xat24cr xm2jcoa x1mpyi22 xxymvpz xlup9mm x1kky2od\"><img loading=\"lazy\" decoding=\"async\" height=\"16\" width=\"16\" class=\"xz74otr x15mokao x1ga7v0g x16uus16 xbiv7yw\" alt=\"\ud83d\ude04\" referrerpolicy=\"origin-when-cross-origin\" src=\"https:\/\/static.xx.fbcdn.net\/images\/emoji.php\/v9\/t71\/2\/16\/1f604.png\" \/><\/span><span>), az anyagok reakci\u00f3ba l\u00e9ptek egym\u00e1ssal, \u00e9s mint egy vulk\u00e1n, elkezdtek forrni \u00e9s kicsap\u00f3dni! <\/span><span class=\"html-span xexx8yu xyri2b x18d9i69 x1c1uobl x1hl2dhg x16tdsg8 x1vvkbs x3nfvp2 x1j61x8r x1fcty0u xdj266r xat24cr xm2jcoa x1mpyi22 xxymvpz xlup9mm x1kky2od\"><img loading=\"lazy\" decoding=\"async\" height=\"16\" width=\"16\" class=\"xz74otr x15mokao x1ga7v0g x16uus16 xbiv7yw\" alt=\"\ud83d\udca3\" referrerpolicy=\"origin-when-cross-origin\" src=\"https:\/\/static.xx.fbcdn.net\/images\/emoji.php\/v9\/tdd\/2\/16\/1f4a3.png\" \/><\/span><span> \u00dajabb k\u00e9rd\u0151jelek, \u00fajabb rejt\u00e9lyek \u2013 de nem adtuk fel. V\u00e9g\u00fcl siker\u00fclt. Megalkottuk a vertik\u00e1lis szikl\u00e1k technol\u00f3gi\u00e1j\u00e1t is. <\/span><span class=\"html-span xexx8yu xyri2b x18d9i69 x1c1uobl x1hl2dhg x16tdsg8 x1vvkbs x3nfvp2 x1j61x8r x1fcty0u xdj266r xat24cr xm2jcoa x1mpyi22 xxymvpz xlup9mm x1kky2od\"><img loading=\"lazy\" decoding=\"async\" height=\"16\" width=\"16\" class=\"xz74otr x15mokao x1ga7v0g x16uus16 xbiv7yw\" alt=\"\ud83d\ude4f\ud83c\udffc\" referrerpolicy=\"origin-when-cross-origin\" src=\"https:\/\/static.xx.fbcdn.net\/images\/emoji.php\/v9\/tdb\/2\/16\/1f64f_1f3fc.png\" \/><\/span><span class=\"html-span xexx8yu xyri2b x18d9i69 x1c1uobl x1hl2dhg x16tdsg8 x1vvkbs x3nfvp2 x1j61x8r x1fcty0u xdj266r xat24cr xm2jcoa x1mpyi22 xxymvpz xlup9mm x1kky2od\"><img loading=\"lazy\" decoding=\"async\" height=\"16\" width=\"16\" class=\"xz74otr x15mokao x1ga7v0g x16uus16 xbiv7yw\" alt=\"\u2764\ufe0f\" referrerpolicy=\"origin-when-cross-origin\" src=\"https:\/\/static.xx.fbcdn.net\/images\/emoji.php\/v9\/ted\/2\/16\/2764.png\" \/><\/span><span> Ez a hossz\u00fa \u00fat az ytongb\u00f3l faragott szikl\u00e1kt\u00f3l indult, fejl\u0151d\u00f6tt, \u00e9s mostanra kiforrott, kifinomult form\u00e1t \u00f6lt\u00f6tt.<\/span><\/p>\n<p><span>Most pedig el\u00e9rkezett az id\u0151, hogy m\u00e1sokkal is megosszuk a harmonikus kompoz\u00edci\u00f3k lehet\u0151s\u00e9g\u00e9t.<\/span><\/p>\n<p>[\/et_pb_text][\/et_pb_column][\/et_pb_row][\/et_pb_section]<\/p>\n","protected":false},"excerpt":{"rendered":"<p>T\u00f6rt\u00e9net\u00fcnkA Ginkgo k\u0151kompozit t\u00f6rt\u00e9nete, \u0151szint\u00e9n cenz\u00far\u00e1k n\u00e9lk\u00fcl K\u00e9t \u00e9vvel ezel\u0151tt, egy forr\u00f3 ny\u00e1ri napon pattant ki az \u00f6tlet a fej\u00fcnkb\u0151l. Tal\u00e1n a h\u0151s\u00e9g, tal\u00e1n a szenved\u00e9ly\u00fcnk tette, de a probl\u00e9ma, amivel szembes\u00fclt\u00fcnk, val\u00f3s volt: nehezen tal\u00e1ltunk olyan fagy\u00e1ll\u00f3 t\u00e1lakat, amelyek m\u00e9lt\u00f3k lettek volna n\u00f6v\u00e9nyeink, k\u00fcl\u00f6n\u00f6sen bonsai-aink sz\u00e9ps\u00e9g\u00e9hez \u00e9s ig\u00e9nyeihez. Nem csak praktikus, de eszt\u00e9tikus megold\u00e1st [&hellip;]<\/p>\n","protected":false},"author":1,"featured_media":0,"parent":0,"menu_order":0,"comment_status":"closed","ping_status":"closed","template":"","meta":{"_et_pb_use_builder":"on","_et_pb_old_content":"","_et_gb_content_width":"","footnotes":""},"class_list":["post-6869","page","type-page","status-publish","hentry"],"_links":{"self":[{"href":"https:\/\/ginkgohatas.hu\/en\/wp-json\/wp\/v2\/pages\/6869","targetHints":{"allow":["GET"]}}],"collection":[{"href":"https:\/\/ginkgohatas.hu\/en\/wp-json\/wp\/v2\/pages"}],"about":[{"href":"https:\/\/ginkgohatas.hu\/en\/wp-json\/wp\/v2\/types\/page"}],"author":[{"embeddable":true,"href":"https:\/\/ginkgohatas.hu\/en\/wp-json\/wp\/v2\/users\/1"}],"replies":[{"embeddable":true,"href":"https:\/\/ginkgohatas.hu\/en\/wp-json\/wp\/v2\/comments?post=6869"}],"version-history":[{"count":13,"href":"https:\/\/ginkgohatas.hu\/en\/wp-json\/wp\/v2\/pages\/6869\/revisions"}],"predecessor-version":[{"id":234411,"href":"https:\/\/ginkgohatas.hu\/en\/wp-json\/wp\/v2\/pages\/6869\/revisions\/234411"}],"wp:attachment":[{"href":"https:\/\/ginkgohatas.hu\/en\/wp-json\/wp\/v2\/media?parent=6869"}],"curies":[{"name":"wp","href":"https:\/\/api.w.org\/{rel}","templated":true}]}}