{"id":6876,"date":"2025-06-16T20:02:26","date_gmt":"2025-06-16T20:02:26","guid":{"rendered":"https:\/\/ginkgohatas.hu\/?page_id=6876"},"modified":"2025-09-29T11:54:30","modified_gmt":"2025-09-29T11:54:30","slug":"utmutato","status":"publish","type":"page","link":"https:\/\/ginkgohatas.hu\/en\/utmutato\/","title":{"rendered":"Instructions"},"content":{"rendered":"<p>[et_pb_section fb_built=&#8221;1&#8243; _builder_version=&#8221;4.27.4&#8243; _module_preset=&#8221;default&#8221; use_background_color_gradient=&#8221;on&#8221; background_color_gradient_stops=&#8221;rgba(43,135,218,0) 49%|#8f8f8f 100%&#8221; global_colors_info=&#8221;{}&#8221;][et_pb_row column_structure=&#8221;1_3,1_3,1_3&#8243; _builder_version=&#8221;4.27.4&#8243; _module_preset=&#8221;default&#8221; global_colors_info=&#8221;{}&#8221;][et_pb_column type=&#8221;1_3&#8243; _builder_version=&#8221;4.27.4&#8243; _module_preset=&#8221;default&#8221; global_colors_info=&#8221;{}&#8221;][et_pb_icon font_icon=&#8221;&#xf2dc;||fa||400&#8243; icon_color=&#8221;#474747&#8243; _builder_version=&#8221;4.27.4&#8243; _module_preset=&#8221;default&#8221; global_colors_info=&#8221;{}&#8221;][\/et_pb_icon][et_pb_text _builder_version=&#8221;4.27.4&#8243; _module_preset=&#8221;default&#8221; global_colors_info=&#8221;{}&#8221;]<\/p>\n<p style=\"text-align: center;\">A t\u00e9li m\u00ednuszok sem akad\u00e1ly! <span>T\u00e1ljaink kiv\u00e1l\u00f3 fagyt\u0171r\u0151 k\u00e9pess\u00e9ggel rendelkeznek, \u00edgy a hideg t\u00e9li h\u00f3napok sem jelentenek vesz\u00e9lyt sz\u00e1mukra<span style=\"font-size: large;\">.<\/span><\/span><\/p>\n<p>&nbsp;<\/p>\n<p>[\/et_pb_text][\/et_pb_column][et_pb_column type=&#8221;1_3&#8243; _builder_version=&#8221;4.27.4&#8243; _module_preset=&#8221;default&#8221; global_colors_info=&#8221;{}&#8221;][et_pb_icon font_icon=&#8221;&#xf043;||fa||900&#8243; icon_color=&#8221;#474747&#8243; _builder_version=&#8221;4.27.4&#8243; _module_preset=&#8221;default&#8221; global_colors_info=&#8221;{}&#8221;][\/et_pb_icon][et_pb_text _builder_version=&#8221;4.27.4&#8243; _module_preset=&#8221;default&#8221; global_colors_info=&#8221;{}&#8221;]<\/p>\n<p style=\"text-align: center;\"><span>A k\u0151kompozit t\u00e1lak rendk\u00edv\u00fcl ellen\u00e1ll\u00f3ak a nedvess\u00e9ggel szemben, \u00edgy ide\u00e1lis v\u00e1laszt\u00e1st jelentenek k\u00fclt\u00e9ri \u00e9s belt\u00e9ri bonsai kompoz\u00edci\u00f3khoz. Speci\u00e1lis anyagszerkezet\u00fck megakad\u00e1lyozza a v\u00edz besziv\u00e1rg\u00e1s\u00e1t, ez\u00e1ltal hossz\u00fa t\u00e1von meg\u0151rzik form\u00e1jukat \u00e9s eszt\u00e9tik\u00e1jukat.<\/span><\/p>\n<p>[\/et_pb_text][\/et_pb_column][et_pb_column type=&#8221;1_3&#8243; _builder_version=&#8221;4.27.4&#8243; _module_preset=&#8221;default&#8221; global_colors_info=&#8221;{}&#8221;][et_pb_icon font_icon=&#8221;&#xf6e3;||fa||900&#8243; icon_color=&#8221;#474747&#8243; _builder_version=&#8221;4.27.4&#8243; _module_preset=&#8221;default&#8221; global_colors_info=&#8221;{}&#8221;][\/et_pb_icon][et_pb_text _builder_version=&#8221;4.27.4&#8243; _module_preset=&#8221;default&#8221; global_colors_info=&#8221;{}&#8221;]<\/p>\n<p style=\"text-align: center;\"><span>K\u0151kompozit t\u00e1ljaink kiemelked\u0151en er\u0151sek. A speci\u00e1lis anyag\u00f6sszet\u00e9telnek k\u00f6sz\u00f6nhet\u0151en hossz\u00fa \u00e9lettartamot \u00e9s megb\u00edzhat\u00f3 stabilit\u00e1st biztos\u00edtanak. Ide\u00e1lis v\u00e1laszt\u00e1s k\u00fclt\u00e9ri \u00e9s belt\u00e9ri bonsai kompoz\u00edci\u00f3khoz egyar\u00e1nt, ahol a tart\u00f3ss\u00e1g kulcsfontoss\u00e1g\u00fa.<\/span><\/p>\n<p>[\/et_pb_text][\/et_pb_column][\/et_pb_row][et_pb_row _builder_version=&#8221;4.27.4&#8243; _module_preset=&#8221;default&#8221; global_colors_info=&#8221;{}&#8221;][et_pb_column type=&#8221;4_4&#8243; _builder_version=&#8221;4.27.4&#8243; _module_preset=&#8221;default&#8221; global_colors_info=&#8221;{}&#8221;][et_pb_text _builder_version=&#8221;4.27.4&#8243; _module_preset=&#8221;default&#8221; global_colors_info=&#8221;{}&#8221;]<\/p>\n<h1 style=\"text-align: center;\"><strong>\u00datmutat\u00f3 bonsai t\u00e1ljainkhoz<\/strong><\/h1>\n<p>[\/et_pb_text][\/et_pb_column][\/et_pb_row][et_pb_row column_structure=&#8221;1_2,1_2&#8243; use_custom_gutter=&#8221;on&#8221; gutter_width=&#8221;2&#8243; make_equal=&#8221;on&#8221; _builder_version=&#8221;4.27.4&#8243; _module_preset=&#8221;default&#8221; background_color=&#8221;#6B6B6B&#8221; width=&#8221;82%&#8221; max_width=&#8221;90%&#8221; module_alignment=&#8221;center&#8221; custom_margin=&#8221;||10px|-13px|false|false&#8221; border_radii=&#8221;on|10px|10px|10px|10px&#8221; global_colors_info=&#8221;{}&#8221;][et_pb_column type=&#8221;1_2&#8243; _builder_version=&#8221;4.27.4&#8243; _module_preset=&#8221;default&#8221; hover_enabled=&#8221;0&#8243; global_colors_info=&#8221;{}&#8221; sticky_enabled=&#8221;0&#8243;][et_pb_text _builder_version=&#8221;4.27.4&#8243; _module_preset=&#8221;default&#8221; text_text_color=&#8221;#FFFFFF&#8221; custom_margin=&#8221;18px|||34px|false|false&#8221; custom_margin_tablet=&#8221;|||0px|false|false&#8221; custom_margin_phone=&#8221;|||0px|false|false&#8221; custom_margin_last_edited=&#8221;on|phone&#8221; custom_padding=&#8221;|10px||10px|false|false&#8221; hover_enabled=&#8221;0&#8243; global_colors_info=&#8221;{}&#8221; sticky_enabled=&#8221;0&#8243;]<\/p>\n<p><span>A r\u00f6gz\u00edt\u0151 dr\u00f3tok biztons\u00e1gos \u00e9s eszt\u00e9tikus elhelyez\u00e9s\u00e9hez k\u00f6vesd az al\u00e1bbi l\u00e9p\u00e9seket:<\/span><\/p>\n<p><span><\/span><\/p>\n<ol start=\"1\">\n<li><span><strong>El\u0151f\u00far\u00e1s<\/strong> Haszn\u00e1lj 4 mm-es v\u00eddi\u00e1s f\u00far\u00f3t a megfelel\u0151 hely el\u0151k\u00e9sz\u00edt\u00e9s\u00e9hez.<\/span><\/li>\n<li><span><strong>Dr\u00f3t r\u00f6gz\u00edt\u00e9se<\/strong> A bonsai dr\u00f3tot tekerd fel egy 5 mm-es rozsdamentes ac\u00e9lcsavarra.<\/span><\/li>\n<li><span><strong>Stabiliz\u00e1l\u00e1s<\/strong> A csavar bef\u00far\u00e1s\u00e1val a dr\u00f3t szil\u00e1rdan r\u00f6gz\u00fcl, biztos\u00edtva a bonsai megfelel\u0151 tart\u00e1s\u00e1t.<\/span><\/li>\n<\/ol>\n<p>[\/et_pb_text][\/et_pb_column][et_pb_column type=&#8221;1_2&#8243; _builder_version=&#8221;4.27.4&#8243; _module_preset=&#8221;default&#8221; global_colors_info=&#8221;{}&#8221;][et_pb_text _builder_version=&#8221;4.27.4&#8243; _module_preset=&#8221;default&#8221; custom_margin=&#8221;|30px|||false|false&#8221; custom_margin_tablet=&#8221;|10px||10px|false|false&#8221; custom_margin_phone=&#8221;|10px||10px|false|false&#8221; custom_margin_last_edited=&#8221;on|desktop&#8221; custom_padding=&#8221;|||0px|false|false&#8221; border_radii=&#8221;on|10px|10px|10px|10px&#8221; global_colors_info=&#8221;{}&#8221;]<\/p>\n<div style=\"position: relative; width: 100%; height: 0; padding-bottom: 56.25%;\">\n  <iframe \n    src=\"https:\/\/www.youtube.com\/embed\/Uj1B98k1jsQ?autoplay=1&#038;mute=1&#038;loop=1&#038;playlist=Uj1B98k1jsQ&#038;controls=0&#038;modestbranding=1&#038;rel=0&#038;showinfo=0\" \n    style=\"position: absolute; top: 0; left: 0; width: 100%; height: 100%;\" \n    frameborder=\"0\" \n    allow=\"autoplay; fullscreen\" \n    allowfullscreen><br \/>\n  <\/iframe>\n<\/div>\n<p>[\/et_pb_text][\/et_pb_column][\/et_pb_row][et_pb_row column_structure=&#8221;1_2,1_2&#8243; use_custom_gutter=&#8221;on&#8221; gutter_width=&#8221;2&#8243; make_equal=&#8221;on&#8221; _builder_version=&#8221;4.27.4&#8243; _module_preset=&#8221;default&#8221; background_color=&#8221;#6B6B6B&#8221; width=&#8221;82%&#8221; max_width=&#8221;90%&#8221; module_alignment=&#8221;center&#8221; custom_margin=&#8221;||10px|-13px|false|false&#8221; border_radii=&#8221;on|10px|10px|10px|10px&#8221; global_colors_info=&#8221;{}&#8221;][et_pb_column type=&#8221;1_2&#8243; _builder_version=&#8221;4.27.4&#8243; _module_preset=&#8221;default&#8221; global_colors_info=&#8221;{}&#8221;][et_pb_text _builder_version=&#8221;4.27.4&#8243; _module_preset=&#8221;default&#8221; text_text_color=&#8221;#FFFFFF&#8221; custom_margin=&#8221;20px|||34px|false|false&#8221; custom_margin_tablet=&#8221;|||0px|false|false&#8221; custom_margin_phone=&#8221;|||0px|false|false&#8221; custom_margin_last_edited=&#8221;on|phone&#8221; custom_padding=&#8221;|10px||10px|false|false&#8221; global_colors_info=&#8221;{}&#8221;]<\/p>\n<p><span>A bonsai t\u00e1l k\u00f6zep\u00e9n tal\u00e1lhat\u00f3 nagyobb m\u00e9ret\u0171 lyuk a megfelel\u0151 v\u00edzelvezet\u00e9st biztos\u00edtja. Ha egyedi helyen szeretn\u00e9d kialak\u00edtani ezt a ny\u00edl\u00e1st, az al\u00e1bbiak szerint j\u00e1rj el:<\/span><\/p>\n<ul>\n<li><span><strong>Lyukf\u00far\u00e1s tetsz\u0151leges helyen:<\/strong><\/span>\n<p style=\"font-weight: 400;\">A k\u00edv\u00e1nt poz\u00edci\u00f3ban k\u00f6nnyed\u00e9n kif\u00farhat\u00f3 a v\u00edzelvezet\u0151 lyuk, ehhez mind\u00f6ssze egy gy\u00e9m\u00e1ntfej\u0171 csempef\u00far\u00f3ra van sz\u00fcks\u00e9g.<\/p>\n<\/li>\n<\/ul>\n<p><span>Ez a megold\u00e1s lehet\u0151v\u00e9 teszi, hogy a bonsai t\u00e1l ne csak funkcion\u00e1lis, hanem az ig\u00e9nyeidhez igaz\u00edtott legyen.<\/span><\/p>\n<p>[\/et_pb_text][\/et_pb_column][et_pb_column type=&#8221;1_2&#8243; _builder_version=&#8221;4.27.4&#8243; _module_preset=&#8221;default&#8221; global_colors_info=&#8221;{}&#8221;][et_pb_text _builder_version=&#8221;4.27.4&#8243; _module_preset=&#8221;default&#8221; custom_margin=&#8221;|30px|||false|false&#8221; custom_margin_tablet=&#8221;|10px||10px|false|false&#8221; custom_margin_phone=&#8221;|10px||10px|false|false&#8221; custom_margin_last_edited=&#8221;on|phone&#8221; custom_padding=&#8221;|||0px|false|false&#8221; border_radii=&#8221;on|10px|10px|10px|10px&#8221; global_colors_info=&#8221;{}&#8221;]<\/p>\n<div style=\"position: relative; width: 100%; height: 0; padding-bottom: 56.25%;\">\n  <iframe \n    src=\"https:\/\/www.youtube.com\/embed\/OTzws-u8RUo?autoplay=1&#038;mute=1&#038;loop=1&#038;playlist=OTzws-u8RUo&#038;controls=0&#038;modestbranding=1&#038;rel=0&#038;showinfo=0\" \n    style=\"position: absolute; top: 0; left: 0; width: 100%; height: 100%;\" \n    frameborder=\"0\" \n    allow=\"autoplay; fullscreen\" \n    allowfullscreen><br \/>\n  <\/iframe>\n<\/div>\n<p>[\/et_pb_text][\/et_pb_column][\/et_pb_row][\/et_pb_section]<\/p>\n","protected":false},"excerpt":{"rendered":"<p>A t\u00e9li m\u00ednuszok sem akad\u00e1ly! T\u00e1ljaink kiv\u00e1l\u00f3 fagyt\u0171r\u0151 k\u00e9pess\u00e9ggel rendelkeznek, \u00edgy a hideg t\u00e9li h\u00f3napok sem jelentenek vesz\u00e9lyt sz\u00e1mukra. &nbsp;A k\u0151kompozit t\u00e1lak rendk\u00edv\u00fcl ellen\u00e1ll\u00f3ak a nedvess\u00e9ggel szemben, \u00edgy ide\u00e1lis v\u00e1laszt\u00e1st jelentenek k\u00fclt\u00e9ri \u00e9s belt\u00e9ri bonsai kompoz\u00edci\u00f3khoz. Speci\u00e1lis anyagszerkezet\u00fck megakad\u00e1lyozza a v\u00edz besziv\u00e1rg\u00e1s\u00e1t, ez\u00e1ltal hossz\u00fa t\u00e1von meg\u0151rzik form\u00e1jukat \u00e9s eszt\u00e9tik\u00e1jukat.K\u0151kompozit t\u00e1ljaink kiemelked\u0151en er\u0151sek. A speci\u00e1lis anyag\u00f6sszet\u00e9telnek [&hellip;]<\/p>\n","protected":false},"author":1,"featured_media":0,"parent":0,"menu_order":0,"comment_status":"closed","ping_status":"closed","template":"","meta":{"_et_pb_use_builder":"on","_et_pb_old_content":"","_et_gb_content_width":"","footnotes":""},"class_list":["post-6876","page","type-page","status-publish","hentry"],"_links":{"self":[{"href":"https:\/\/ginkgohatas.hu\/en\/wp-json\/wp\/v2\/pages\/6876","targetHints":{"allow":["GET"]}}],"collection":[{"href":"https:\/\/ginkgohatas.hu\/en\/wp-json\/wp\/v2\/pages"}],"about":[{"href":"https:\/\/ginkgohatas.hu\/en\/wp-json\/wp\/v2\/types\/page"}],"author":[{"embeddable":true,"href":"https:\/\/ginkgohatas.hu\/en\/wp-json\/wp\/v2\/users\/1"}],"replies":[{"embeddable":true,"href":"https:\/\/ginkgohatas.hu\/en\/wp-json\/wp\/v2\/comments?post=6876"}],"version-history":[{"count":28,"href":"https:\/\/ginkgohatas.hu\/en\/wp-json\/wp\/v2\/pages\/6876\/revisions"}],"predecessor-version":[{"id":234229,"href":"https:\/\/ginkgohatas.hu\/en\/wp-json\/wp\/v2\/pages\/6876\/revisions\/234229"}],"wp:attachment":[{"href":"https:\/\/ginkgohatas.hu\/en\/wp-json\/wp\/v2\/media?parent=6876"}],"curies":[{"name":"wp","href":"https:\/\/api.w.org\/{rel}","templated":true}]}}